{"id":34,"date":"2023-12-27T12:46:27","date_gmt":"2023-12-27T12:46:27","guid":{"rendered":"https:\/\/disprofusta.com\/shop\/?page_id=34"},"modified":"2023-12-27T16:20:57","modified_gmt":"2023-12-27T16:20:57","slug":"empresa","status":"publish","type":"page","link":"https:\/\/disprofusta.com\/shop\/empresa\/","title":{"rendered":"Empresa"},"content":{"rendered":"<div class=\"row\"  id=\"row-1877526280\">\n\n\n\t<div id=\"col-2111804489\" class=\"col medium-8 small-12 large-8\"  >\n\t\t\t\t<div class=\"col-inner\"  >\n\t\t\t\n\t\t\t\n\n<p><strong>Disprofusta<\/strong> es una empresa del sector de la madera con una amplia experiencia, dedicada a realizar trabajos de reparaci\u00f3n, mantenimiento y creaci\u00f3n de muebles, tanto a medida como est\u00e1ndar, cocinas con una gran variedad de materiales y colores a escoger, muebles de ba\u00f1o, parquets y carpinter\u00eda en general.<\/p>\n<p>La prioridad para nosotros es la satisfacci\u00f3n de nuestros clientes, por ello escogemos materiales de alta calidad, con un servicio eficaz y unos precios competitivos.<br \/>Con nuestro servicio al cliente, tendr\u00e1 a su alcance toda la informaci\u00f3n que necesite y el asesoramiento necesario con la posibilidad de dise\u00f1ar en 3D el proyecto para definir y visualizar de una manera m\u00e1s clara el trabajo a realizar.<\/p>\n<p>Hacemos todo tipo de muebles a medida y cualquier tipo de mobiliario tanto para interior como para exterior y con el material que mejor se adecue a tus deseos (madera maciza, melamina, &#8230;) ya que trabajamos con una gran variedad de materiales y colores. Ven y podr\u00e1s crear tus muebles personalizados.<\/p>\n\n\t\t<\/div>\n\t\t\t\t\t<\/div>\n\n\t\n\n\t<div id=\"col-1961552973\" class=\"col medium-4 small-12 large-4\"  >\n\t\t\t\t<div class=\"col-inner\"  >\n\t\t\t\n\t\t\t\n\n\t<div class=\"box has-hover   has-hover box-text-bottom\" >\n\n\t\t<div class=\"box-image\" style=\"width:57%;\">\n\t\t\t\t\t\t<div class=\"\" >\n\t\t\t\t<img loading=\"lazy\" decoding=\"async\" width=\"270\" height=\"270\" src=\"https:\/\/disprofusta.com\/shop\/wp-content\/uploads\/2023\/12\/6f3fb8_232be46adf25434ea4c0ecba1b109b3dmv2_d_3096_4128_s_4_2.jpg\" class=\"attachment- size-\" alt=\"\" srcset=\"https:\/\/disprofusta.com\/shop\/wp-content\/uploads\/2023\/12\/6f3fb8_232be46adf25434ea4c0ecba1b109b3dmv2_d_3096_4128_s_4_2.jpg 270w, https:\/\/disprofusta.com\/shop\/wp-content\/uploads\/2023\/12\/6f3fb8_232be46adf25434ea4c0ecba1b109b3dmv2_d_3096_4128_s_4_2-150x150.jpg 150w, https:\/\/disprofusta.com\/shop\/wp-content\/uploads\/2023\/12\/6f3fb8_232be46adf25434ea4c0ecba1b109b3dmv2_d_3096_4128_s_4_2-100x100.jpg 100w\" sizes=\"auto, (max-width: 270px) 100vw, 270px\" \/>\t\t\t\t\t\t\t\t\t\t\t<\/div>\n\t\t\t\t\t<\/div>\n\n\t\t<div class=\"box-text text-center\" >\n\t\t\t<div class=\"box-text-inner\">\n\t\t\t\t\n\n<h4>Ignasi Bustamante<\/h4>\n<p>Soy Ignasi Bustamante Mart\u00ednez, emprendedor y responsable de Disprofusta con una trayectoria en el sector de los muebles, las cocinas y la carpinter\u00eda en general. Persona responsable y comprometida con el proyecto.<\/p>\n\n\n\t\t\t<\/div>\n\t\t<\/div>\n\t<\/div>\n\t\n\n\t\t<\/div>\n\t\t\t\t\t<\/div>\n\n\t\n\n<\/div>","protected":false},"excerpt":{"rendered":"","protected":false},"author":1,"featured_media":0,"parent":0,"menu_order":0,"comment_status":"closed","ping_status":"closed","template":"","meta":{"footnotes":""},"class_list":["post-34","page","type-page","status-publish","hentry"],"_links":{"self":[{"href":"https:\/\/disprofusta.com\/shop\/wp-json\/wp\/v2\/pages\/34","targetHints":{"allow":["GET"]}}],"collection":[{"href":"https:\/\/disprofusta.com\/shop\/wp-json\/wp\/v2\/pages"}],"about":[{"href":"https:\/\/disprofusta.com\/shop\/wp-json\/wp\/v2\/types\/page"}],"author":[{"embeddable":true,"href":"https:\/\/disprofusta.com\/shop\/wp-json\/wp\/v2\/users\/1"}],"replies":[{"embeddable":true,"href":"https:\/\/disprofusta.com\/shop\/wp-json\/wp\/v2\/comments?post=34"}],"version-history":[{"count":3,"href":"https:\/\/disprofusta.com\/shop\/wp-json\/wp\/v2\/pages\/34\/revisions"}],"predecessor-version":[{"id":85,"href":"https:\/\/disprofusta.com\/shop\/wp-json\/wp\/v2\/pages\/34\/revisions\/85"}],"wp:attachment":[{"href":"https:\/\/disprofusta.com\/shop\/wp-json\/wp\/v2\/media?parent=34"}],"curies":[{"name":"wp","href":"https:\/\/api.w.org\/{rel}","templated":true}]}}